{"id":7283,"date":"2025-06-28T11:29:38","date_gmt":"2025-06-28T11:29:38","guid":{"rendered":"http:\/\/localhost\/myshopdata\/index.php\/product\/xbox-elite-bluetooth-wireless-controller-series-2-core-edition-white-for-pc-xbox-series-xs-xbox-one-windows-10-mobile\/"},"modified":"2025-06-28T11:29:38","modified_gmt":"2025-06-28T11:29:38","slug":"xbox-elite-bluetooth-wireless-controller-series-2-core-edition-white-for-pc-xbox-series-xs-xbox-one-windows-10-mobile","status":"publish","type":"product","link":"https:\/\/ggracegritgrowth.com\/index.php\/product\/xbox-elite-bluetooth-wireless-controller-series-2-core-edition-white-for-pc-xbox-series-xs-xbox-one-windows-10-mobile\/","title":{"rendered":"Xbox Elite Bluetooth Wireless Controller Series 2 &#8211; Core Edition (White) For PC, Xbox Series X|S, Xbox One, Windows 10, Mobile"},"content":{"rendered":"<p><!-- show up to 2 reviews by default --> <\/p>\n<p> <span>Jouez comme un pro avec la manette la plus performante au monde. La manette sans fil Xbox Elite Series 2 blanche vous propose plus de 30 fa\u00e7ons de jouer comme un pro gr\u00e2ce aux nouveaux sticks \u00e0 tension r\u00e9glable, aux nouveaux composants interchangeables (vendu s\u00e9par\u00e9ment), \u00e0 la batterie rechargeable offrant jusqu\u2019\u00e0 40 heures d\u2019autonomie et \u00e0 la personnalisation infinie via l\u2019application Accessoires Xbox. Compatible avec tous vos appareils : Xbox Series X|S, Xbox One X, Xbox One S, Xbox One, PC Windows 10|11, Android et iOS.\u200b<\/span> <\/p>\n<p>Play like a pro with the Xbox Elite Wireless Controller Series 2 \u2013 Core in white, featuring adjustable-tension thumb sticks, wrap-around rubberised grip, and shorter hair trigger locks.<br \/>\nIncludes just the components you need to unleash your best game, additional components sold separately.<br \/>\nEnjoy limitless customisation with exclusive button mapping options in the Xbox Accessories app.*<br \/>\nSave up to 3 custom profiles on the controller and switch between them on the fly.*<br \/>\nStay in the game with up to 40 hours of rechargeable battery life and refined components that are built to last.*<br \/>\nUse Xbox Wireless, Bluetooth, or the included USB-C cable to play across your Xbox Series X|S, Xbox One, and Windows PC.<br \/>\nSee below for important information.<\/p>\n","protected":false},"excerpt":{"rendered":"<p>Play like a pro with the Xbox Elite Wireless Controller Series 2 \u2013 Core in white, featuring adjustable-tension thumb sticks, wrap-around rubberised grip, and shorter hair trigger locks.<br \/>\nIncludes just the components you need to unleash your best game, additional components sold separately.<br \/>\nEnjoy limitless customisation with exclusive button mapping options in the Xbox Accessories app.*<\/p>\n","protected":false},"featured_media":7284,"comment_status":"open","ping_status":"closed","template":"","meta":{"_gspb_post_css":""},"store":[],"product_brand":[],"product_cat":[140],"product_tag":[],"class_list":{"0":"post-7283","1":"product","2":"type-product","3":"status-publish","4":"has-post-thumbnail","6":"product_cat-electronics","7":"pa_brand-visit-the-xbox-store","9":"first","10":"instock","11":"sale","12":"shipping-taxable","13":"product-type-external"},"_links":{"self":[{"href":"https:\/\/ggracegritgrowth.com\/index.php\/wp-json\/wp\/v2\/product\/7283","targetHints":{"allow":["GET"]}}],"collection":[{"href":"https:\/\/ggracegritgrowth.com\/index.php\/wp-json\/wp\/v2\/product"}],"about":[{"href":"https:\/\/ggracegritgrowth.com\/index.php\/wp-json\/wp\/v2\/types\/product"}],"replies":[{"embeddable":true,"href":"https:\/\/ggracegritgrowth.com\/index.php\/wp-json\/wp\/v2\/comments?post=7283"}],"wp:featuredmedia":[{"embeddable":true,"href":"https:\/\/ggracegritgrowth.com\/index.php\/wp-json\/wp\/v2\/media\/7284"}],"wp:attachment":[{"href":"https:\/\/ggracegritgrowth.com\/index.php\/wp-json\/wp\/v2\/media?parent=7283"}],"wp:term":[{"taxonomy":"store","embeddable":true,"href":"https:\/\/ggracegritgrowth.com\/index.php\/wp-json\/wp\/v2\/store?post=7283"},{"taxonomy":"product_brand","embeddable":true,"href":"https:\/\/ggracegritgrowth.com\/index.php\/wp-json\/wp\/v2\/product_brand?post=7283"},{"taxonomy":"product_cat","embeddable":true,"href":"https:\/\/ggracegritgrowth.com\/index.php\/wp-json\/wp\/v2\/product_cat?post=7283"},{"taxonomy":"product_tag","embeddable":true,"href":"https:\/\/ggracegritgrowth.com\/index.php\/wp-json\/wp\/v2\/product_tag?post=7283"}],"curies":[{"name":"wp","href":"https:\/\/api.w.org\/{rel}","templated":true}]}}