{"id":4175,"date":"2025-06-26T18:59:09","date_gmt":"2025-06-26T18:59:09","guid":{"rendered":"http:\/\/localhost\/myshopdata\/index.php\/product\/aveeno-calmrestore-re-hydrating-night-cream-1-x-50ml-fragrance-free-face-care-intensely-nourishes-with-shea-butter-prebiotic-oat-suitable-for-sensitive-skin\/"},"modified":"2025-06-26T18:59:09","modified_gmt":"2025-06-26T18:59:09","slug":"aveeno-calmrestore-re-hydrating-night-cream-1-x-50ml-fragrance-free-face-care-intensely-nourishes-with-shea-butter-prebiotic-oat-suitable-for-sensitive-skin","status":"publish","type":"product","link":"https:\/\/ggracegritgrowth.com\/index.php\/product\/aveeno-calmrestore-re-hydrating-night-cream-1-x-50ml-fragrance-free-face-care-intensely-nourishes-with-shea-butter-prebiotic-oat-suitable-for-sensitive-skin\/","title":{"rendered":"Aveeno CALM+RESTORE Re-Hydrating Night Cream (1 x 50ml), Fragrance-Free Face Care, Intensely Nourishes with Shea Butter &#038; Prebiotic Oat, Suitable for Sensitive Skin"},"content":{"rendered":"<p><!-- show up to 2 reviews by default --> <\/p>\n<h3> <span>Product Description<\/span> <\/h3>\n<\/p>\n<p><span class=\"a-text-bold\">Aveeno Calm + Restore Re-Hydrating Night Cream (1 x 50ml) &#8211; Nourishing Face Care<\/span><\/p>\n<p><span>Aveeno Calm + Restore Night Cream intensely nourishes and strengthens the skin&#8217;s natural barrier overnight, helping to prevent skin dehydration the next day, so every morning skin is soothed and repairs itself. With 48-hour moisturisation, this hypoallergenic night moisturiser has a rich texture that intensely moisturises sensitive skin. Tested on sensitive skin, this face care is formulated with Prebiotic Oat, known to help soothe and repair skin, and rich Shea Butter, a Mineral Complex known to increase the surface skin cell turnover and Calming Feverfew, known for its antioxidant properties and for helping to calm skin. This face care is designed for use at night, with a fragrance-free, non-greasy, fast-absorbing formulation and rich, velvety texture, this cream is suitable for normal to dry, sensitive skin. Night time is when the skin&#8217;s natural regeneration process starts, and the skin restures and repairs itself. Dermatologist-tested, 9\/10 consumers agreed that skin feels intensely moisturised. Formulated to minimise the risk of allergies. <\/span><\/p>\n<\/p>\n<h3> <span>Ingredients<\/span> <\/h3>\n<p> <span>Aqua, Isopropyl Palmitate, Glycerin, Cetyl Alcohol, Glyceryl Stearate SE, Avena Sativa Kernel (Oat) Flour, Butyrospermum Parkii Butter, Chrysanthemum Parthenium Flower\/Leaf\/Stem Juice, Caprylyl Glycol, Copper Gluconate, Tropolone, 1,2-Hexanediol, Magnesium Aspartate, Zinc Gluconate, Pentylene Glycol, Hydrogenated Palm Glycerides, Sodium Polyacrylate, Potassium Cetyl Phosphate, Carbomer, Sodium Hydroxide, Citric Acid, Sodium Metabisulfite, Phenoxyethanol, Potassium Sorbate, Sodium Benzoate<\/span> <\/p>\n<div data-a-expander-name=\"toggle_description\" class=\"a-row a-expander-container a-expander-extend-container\">\n<div data-expanded=\"false\" class=\"a-expander-content a-expander-extend-content\">\n<h3> <span>Manufacturer Contact Information<\/span> <\/h3>\n<p> <span>GB: Johnson &amp; Johnson Ltd. High Wycombe HP12 4EG UK IE: Johnson &amp; Johnson Sant\u00e9 Beaut\u00e9 France Campus de Maigremont Chauss\u00e9e du Vexin 27100 Val-de-Reuil France<\/span> <\/p>\n<\/p><\/div>\n<p> <a aria-expanded=\"false\" role=\"button\" href=\"javascript:void(0)\" data-action=\"a-expander-toggle\" class=\"a-expander-header a-declarative a-expander-extend-header\" data-a-expander-toggle=\"{\" allowlinkdefault more less><i class=\"a-icon a-icon-extender-expand\"><\/i><span class=\"a-expander-prompt\">See more<\/span><\/a> <\/div>\n<p>Intensely nourishes and strengthens the protective skin barrier overnight<br \/>\nRich Shea Butter and Mineral Complex formula known to increase the surface skin cell turnover<br \/>\nHelping to prevent skin de-hydration the next day, so every morning skin is soothed and nourished<br \/>\nFormulated with Prebiotic Oat known to help soothe and repair skin, and calming feverfew known for its anti-oxidant properties and for helping to calm skin<br \/>\nNon-greasy, fast-absorbing formulation with a rich, velvety texture<\/p>\n","protected":false},"excerpt":{"rendered":"<p>Intensely nourishes and strengthens the protective skin barrier overnight<br \/>\nRich Shea Butter and Mineral Complex formula known to increase the surface skin cell turnover<br \/>\nHelping to prevent skin de-hydration the next day, so every morning skin is soothed and nourished<\/p>\n","protected":false},"featured_media":4176,"comment_status":"open","ping_status":"closed","template":"","meta":{"_gspb_post_css":""},"store":[],"product_brand":[],"product_cat":[137],"product_tag":[],"class_list":{"0":"post-4175","1":"product","2":"type-product","3":"status-publish","4":"has-post-thumbnail","6":"product_cat-beauty-skincare","7":"pa_brand-visit-the-aveeno-store","8":"pa_colour-cream","9":"pa_date-first-available-6-july-2022","10":"pa_format-cream","11":"pa_item-dimensions-l-x-w-x-h-40-x-45-x-130-millimetres","12":"pa_language-english","13":"pa_manufacturer-kenvue-johnson-johnson-ltd","14":"pa_package-dimensions-13-2-x-4-7-x-4-centimetres","15":"pa_package-weight-0-08-kilograms","16":"pa_product-dimensions-4-x-4-5-x-13-cm-80-g","17":"pa_scent-unscented","18":"pa_skin-type-all","19":"pa_special-features-hypoallergenic-unscented","20":"pa_speciality-natural","21":"pa_volume-50-millilitres","23":"first","24":"instock","25":"shipping-taxable","26":"product-type-external"},"_links":{"self":[{"href":"https:\/\/ggracegritgrowth.com\/index.php\/wp-json\/wp\/v2\/product\/4175","targetHints":{"allow":["GET"]}}],"collection":[{"href":"https:\/\/ggracegritgrowth.com\/index.php\/wp-json\/wp\/v2\/product"}],"about":[{"href":"https:\/\/ggracegritgrowth.com\/index.php\/wp-json\/wp\/v2\/types\/product"}],"replies":[{"embeddable":true,"href":"https:\/\/ggracegritgrowth.com\/index.php\/wp-json\/wp\/v2\/comments?post=4175"}],"wp:featuredmedia":[{"embeddable":true,"href":"https:\/\/ggracegritgrowth.com\/index.php\/wp-json\/wp\/v2\/media\/4176"}],"wp:attachment":[{"href":"https:\/\/ggracegritgrowth.com\/index.php\/wp-json\/wp\/v2\/media?parent=4175"}],"wp:term":[{"taxonomy":"store","embeddable":true,"href":"https:\/\/ggracegritgrowth.com\/index.php\/wp-json\/wp\/v2\/store?post=4175"},{"taxonomy":"product_brand","embeddable":true,"href":"https:\/\/ggracegritgrowth.com\/index.php\/wp-json\/wp\/v2\/product_brand?post=4175"},{"taxonomy":"product_cat","embeddable":true,"href":"https:\/\/ggracegritgrowth.com\/index.php\/wp-json\/wp\/v2\/product_cat?post=4175"},{"taxonomy":"product_tag","embeddable":true,"href":"https:\/\/ggracegritgrowth.com\/index.php\/wp-json\/wp\/v2\/product_tag?post=4175"}],"curies":[{"name":"wp","href":"https:\/\/api.w.org\/{rel}","templated":true}]}}